


{"id":63,"date":"2026-03-03T19:59:38","date_gmt":"2026-03-03T19:59:38","guid":{"rendered":"https:\/\/veabrasil.org\/?page_id=63"},"modified":"2026-03-06T12:46:17","modified_gmt":"2026-03-06T12:46:17","slug":"impressum","status":"publish","type":"page","link":"https:\/\/veabrasil.org\/?page_id=63","title":{"rendered":"Impressum"},"content":{"rendered":"\n<h1 class=\"wp-block-heading\"><\/h1>\n\n\n\n<p class=\"has-medium-font-size wp-block-paragraph\"><strong>Deutsch-Brasilianischer Verein Rhein-Neckar Entre \u00c1guas e. V.<\/strong><\/p>\n\n\n\n<p class=\"has-medium-font-size wp-block-paragraph\"><strong>Sitz:<\/strong> Heidelberg<\/p>\n\n\n\n<p class=\"has-medium-font-size wp-block-paragraph\"><strong>Adresse f\u00fcr Korrespondenz:<\/strong><\/p>\n\n\n\n<p class=\"has-medium-font-size wp-block-paragraph\">c\/o Cristiane Gavazzoni<\/p>\n\n\n\n<p class=\"has-medium-font-size wp-block-paragraph\">Ladenburgerstr. 4B<\/p>\n\n\n\n<p class=\"has-medium-font-size wp-block-paragraph\">68309 Mannheim<\/p>\n\n\n\n<p class=\"has-medium-font-size wp-block-paragraph\"><strong>E-Mail-Adresse:<\/strong> entreaguasverein@gmail.com<\/p>\n\n\n\n<p class=\"has-medium-font-size wp-block-paragraph\"><strong>Register und Registernummer:<\/strong><\/p>\n\n\n\n<p class=\"has-medium-font-size wp-block-paragraph\">Gef\u00fchrt bei: Amtsgericht Mannheim<\/p>\n\n\n\n<p class=\"has-medium-font-size wp-block-paragraph\">Nummer: VR 702682<\/p>\n\n\n\n<p class=\"has-medium-font-size wp-block-paragraph\"><strong>Vertretungsberechtigter Vorstand:<\/strong><\/p>\n\n\n\n<p class=\"has-medium-font-size wp-block-paragraph\">1. Vorsitzender &#8211; Cristiane Gavazzoni<\/p>\n\n\n\n<p class=\"has-medium-font-size wp-block-paragraph\">2.Vorsitzender &#8211; Eliana De Simone<\/p>\n\n\n\n<p class=\"has-medium-font-size wp-block-paragraph\">Schatzmeister &#8211; Silvia Bittencourt<\/p>\n\n\n\n<p class=\"has-medium-font-size wp-block-paragraph\"><strong>Bankdaten:<\/strong><\/p>\n\n\n\n<p class=\"has-medium-font-size wp-block-paragraph\">Deutsch-Brasilianischer Verein Rhein-Neckar Entre \u00c1guas e. V.<\/p>\n\n\n\n<p class=\"has-medium-font-size wp-block-paragraph\">Konto: Sparkasse Heidelberg<\/p>\n\n\n\n<p class=\"has-medium-font-size wp-block-paragraph\">IBAN: DE80 6725 0020 0009 3089 20&nbsp;&nbsp;&nbsp;&nbsp;&nbsp;&nbsp;&nbsp;&nbsp;<\/p>\n\n\n\n<p class=\"has-medium-font-size wp-block-paragraph\">BIC: SOLADES1HDB<\/p>\n\n\n\n<p class=\"has-medium-font-size wp-block-paragraph\"><strong>Verantwortlich f\u00fcr das Internetangebot:<\/strong><\/p>\n\n\n\n<p class=\"has-medium-font-size wp-block-paragraph\">Webdesign und Gestaltung: Fabiane Dias da Motta<\/p>\n\n\n\n<p class=\"has-medium-font-size wp-block-paragraph\">Inhaltlich Verantwortliche: Fabiane Dias da Motta, Cristiane Gavazzoni, Silvia Bittencourt, Eliana De Simone<\/p>\n\n\n\n<p class=\"has-medium-font-size wp-block-paragraph\"><strong>Haftungshinweis: <\/strong>Wir \u00fcbernehmen keine Haftung f\u00fcr die Inhalte externer Links. F\u00fcr den Inhalt der verlinkten Seiten sind ausschlie\u00dflich deren Betreiber verantwortlich.<\/p>\n","protected":false},"excerpt":{"rendered":"<p>Deutsch-Brasilianischer Verein Rhein-Neckar Entre \u00c1guas e. V. Sitz: Heidelberg Adresse f\u00fcr Korrespondenz: c\/o Cristiane Gavazzoni Ladenburgerstr. 4B 68309 Mannheim E-Mail-Adresse: entreaguasverein@gmail.com Register und Registernummer: Gef\u00fchrt bei: Amtsgericht Mannheim Nummer: VR 702682 Vertretungsberechtigter Vorstand: 1. Vorsitzender&hellip; <a href=\"https:\/\/veabrasil.org\/?page_id=63\">Mehr<\/a><\/p>\n","protected":false},"author":1,"featured_media":0,"parent":0,"menu_order":0,"comment_status":"closed","ping_status":"closed","template":"","meta":{"_crdt_document":"","footnotes":""},"class_list":["post-63","page","type-page","status-publish","hentry"],"_links":{"self":[{"href":"https:\/\/veabrasil.org\/index.php?rest_route=\/wp\/v2\/pages\/63","targetHints":{"allow":["GET"]}}],"collection":[{"href":"https:\/\/veabrasil.org\/index.php?rest_route=\/wp\/v2\/pages"}],"about":[{"href":"https:\/\/veabrasil.org\/index.php?rest_route=\/wp\/v2\/types\/page"}],"author":[{"embeddable":true,"href":"https:\/\/veabrasil.org\/index.php?rest_route=\/wp\/v2\/users\/1"}],"replies":[{"embeddable":true,"href":"https:\/\/veabrasil.org\/index.php?rest_route=%2Fwp%2Fv2%2Fcomments&post=63"}],"version-history":[{"count":4,"href":"https:\/\/veabrasil.org\/index.php?rest_route=\/wp\/v2\/pages\/63\/revisions"}],"predecessor-version":[{"id":250,"href":"https:\/\/veabrasil.org\/index.php?rest_route=\/wp\/v2\/pages\/63\/revisions\/250"}],"wp:attachment":[{"href":"https:\/\/veabrasil.org\/index.php?rest_route=%2Fwp%2Fv2%2Fmedia&parent=63"}],"curies":[{"name":"wp","href":"https:\/\/api.w.org\/{rel}","templated":true}]}}