


{"id":61,"date":"2026-03-03T19:59:38","date_gmt":"2026-03-03T19:59:38","guid":{"rendered":"https:\/\/veabrasil.org\/?page_id=61"},"modified":"2026-03-29T12:20:59","modified_gmt":"2026-03-29T11:20:59","slug":"mitglied-werden-associe-se","status":"publish","type":"page","link":"https:\/\/veabrasil.org\/?page_id=61","title":{"rendered":"Mitglied werden \/ Associe-se"},"content":{"rendered":"\n<div class=\"wp-block-columns is-layout-flex wp-container-core-columns-is-layout-8f761849 wp-block-columns-is-layout-flex\">\n<div class=\"wp-block-column is-layout-flow wp-block-column-is-layout-flow\">\n<h3 class=\"wp-block-heading has-text-color has-link-color wp-elements-4650958740f07b714f906ea34b7fa2d4\" style=\"color:#2e6f8e\"><strong>WERDEN SIE TEIL UNSERER GEMEINSCHAFT<\/strong><\/h3>\n\n\n\n<p class=\"wp-block-paragraph\">Hier finden Sie unsere&nbsp;<a href=\"https:\/\/veabrasil.org\/wp-content\/uploads\/2026\/03\/Satzung.VEA_.pdf\" target=\"_blank\" rel=\"noreferrer noopener\">Satzung<\/a><a href=\"https:\/\/veabrasilorg.wpcomstaging.com\/wp-content\/uploads\/2019\/05\/satzung-vea-1.pdf\">.<\/a><\/p>\n\n\n\n<p class=\"wp-block-paragraph\">Hier finden Sie unser&nbsp;<a href=\"https:\/\/forms.vereinsantrag.de\/407225c7-bd23-4f8e-bf7e-783ca06c6f64\/membership\" target=\"_blank\" rel=\"noreferrer noopener\">Online-Antragsformular<\/a>.<\/p>\n\n\n\n<p class=\"wp-block-paragraph\">Mitgliedsbeitrag pro Jahr:<\/p>\n\n\n\n<ul class=\"wp-block-list\">\n<li><em>Solidarisch<\/em>&nbsp;\u2013 25 Euro<\/li>\n\n\n\n<li><em>Regul\u00e4r<\/em>&nbsp;\u2013 50 Euro<\/li>\n\n\n\n<li><em>F\u00f6rdermitglied<\/em>&nbsp;\u2013 100 Euro<\/li>\n<\/ul>\n\n\n\n<p class=\"wp-block-paragraph\">M\u00f6chten Sie unsere Arbeit unterst\u00fctzen, aber eine Mitgliedschaft ist f\u00fcr Sie nicht die richtige Option? Helfen Sie uns mit einer&nbsp;<a href=\"https:\/\/veabrasil.org\/?page_id=272\" target=\"_blank\" rel=\"noreferrer noopener\">Spende<\/a>.<\/p>\n\n\n\n<p class=\"wp-block-paragraph\"><\/p>\n<\/div>\n\n\n\n<div class=\"wp-block-column is-layout-flow wp-block-column-is-layout-flow\">\n<h3 class=\"wp-block-heading has-text-color has-link-color wp-elements-f20d9585b51f3f277dc40347f32e8411\" style=\"color:#2e6f8e\"><strong>TORNE-SE PARTE DA NOSSA COMUNIDADE<\/strong><\/h3>\n\n\n\n<p class=\"wp-block-paragraph\">Aqui voc\u00ea encontra nosso&nbsp;<a href=\"https:\/\/veabrasil.org\/wp-content\/uploads\/2026\/03\/Satzung.VEA_.pdf\" target=\"_blank\" rel=\"noreferrer noopener\">estatuto<\/a><a href=\"https:\/\/veabrasilorg.wpcomstaging.com\/wp-content\/uploads\/2019\/05\/satzung-vea-1.pdf\">.<\/a><\/p>\n\n\n\n<p class=\"wp-block-paragraph\">Aqui est\u00e1 nosso&nbsp;<a href=\"https:\/\/forms.vereinsantrag.de\/407225c7-bd23-4f8e-bf7e-783ca06c6f64\/membership\" target=\"_blank\" rel=\"noreferrer noopener\">formul\u00e1rio de ades\u00e3o online<\/a>.<\/p>\n\n\n\n<p class=\"wp-block-paragraph\">Anuidade:<\/p>\n\n\n\n<ul class=\"wp-block-list\">\n<li><em>Solid\u00e1rio<\/em>&nbsp;\u2013 25,00 Euros<\/li>\n\n\n\n<li><em>Regular<\/em>&nbsp;\u2013 50,00 Euros<\/li>\n\n\n\n<li><em>S\u00f3cios-colaboradores<\/em>&nbsp;\u2013 100,00 Euros<\/li>\n<\/ul>\n\n\n\n<p class=\"wp-block-paragraph\">Voc\u00ea gostaria de apoiar nosso trabalho, mas tornar-se um associado n\u00e3o \u00e9 a forma certa para voc\u00ea? Ajude-nos com uma&nbsp;<a href=\"https:\/\/veabrasil.org\/?page_id=272\" target=\"_blank\" rel=\"noreferrer noopener\">doa\u00e7\u00e3o<\/a>.<\/p>\n<\/div>\n<\/div>\n\n\n\n<div class=\"wp-block-columns is-layout-flex wp-container-core-columns-is-layout-8f761849 wp-block-columns-is-layout-flex\">\n<div class=\"wp-block-column is-layout-flow wp-block-column-is-layout-flow\">\n<div class=\"wp-block-buttons is-layout-flex wp-block-buttons-is-layout-flex\">\n<div class=\"wp-block-button\"><a class=\"wp-block-button__link has-background wp-element-button\" href=\"https:\/\/forms.vereinsantrag.de\/407225c7-bd23-4f8e-bf7e-783ca06c6f64\/membership\" style=\"background-color:#2e6f8e\" target=\"_blank\" rel=\"noreferrer noopener\">ANTRAGSFORMULAR<\/a><\/div>\n<\/div>\n<\/div>\n\n\n\n<div class=\"wp-block-column is-layout-flow wp-block-column-is-layout-flow\">\n<div class=\"wp-block-buttons is-layout-flex wp-block-buttons-is-layout-flex\">\n<div class=\"wp-block-button\"><a class=\"wp-block-button__link has-background wp-element-button\" href=\"https:\/\/forms.vereinsantrag.de\/407225c7-bd23-4f8e-bf7e-783ca06c6f64\/membership\" style=\"background-color:#2e6f8e\" target=\"_blank\" rel=\"noreferrer noopener\">FORMUL\u00c1RIO DE ADES\u00c3O<\/a><\/div>\n<\/div>\n<\/div>\n<\/div>\n","protected":false},"excerpt":{"rendered":"<p>WERDEN SIE TEIL UNSERER GEMEINSCHAFT Hier finden Sie unsere&nbsp;Satzung. Hier finden Sie unser&nbsp;Online-Antragsformular. Mitgliedsbeitrag pro Jahr: M\u00f6chten Sie unsere Arbeit unterst\u00fctzen, aber eine Mitgliedschaft ist f\u00fcr Sie nicht die richtige Option? Helfen Sie uns mit&hellip; <a href=\"https:\/\/veabrasil.org\/?page_id=61\">Mehr<\/a><\/p>\n","protected":false},"author":1,"featured_media":0,"parent":0,"menu_order":0,"comment_status":"closed","ping_status":"closed","template":"","meta":{"_crdt_document":"","footnotes":""},"class_list":["post-61","page","type-page","status-publish","hentry"],"_links":{"self":[{"href":"https:\/\/veabrasil.org\/index.php?rest_route=\/wp\/v2\/pages\/61","targetHints":{"allow":["GET"]}}],"collection":[{"href":"https:\/\/veabrasil.org\/index.php?rest_route=\/wp\/v2\/pages"}],"about":[{"href":"https:\/\/veabrasil.org\/index.php?rest_route=\/wp\/v2\/types\/page"}],"author":[{"embeddable":true,"href":"https:\/\/veabrasil.org\/index.php?rest_route=\/wp\/v2\/users\/1"}],"replies":[{"embeddable":true,"href":"https:\/\/veabrasil.org\/index.php?rest_route=%2Fwp%2Fv2%2Fcomments&post=61"}],"version-history":[{"count":11,"href":"https:\/\/veabrasil.org\/index.php?rest_route=\/wp\/v2\/pages\/61\/revisions"}],"predecessor-version":[{"id":521,"href":"https:\/\/veabrasil.org\/index.php?rest_route=\/wp\/v2\/pages\/61\/revisions\/521"}],"wp:attachment":[{"href":"https:\/\/veabrasil.org\/index.php?rest_route=%2Fwp%2Fv2%2Fmedia&parent=61"}],"curies":[{"name":"wp","href":"https:\/\/api.w.org\/{rel}","templated":true}]}}