


{"id":272,"date":"2026-03-06T14:18:00","date_gmt":"2026-03-06T14:18:00","guid":{"rendered":"https:\/\/veabrasil.org\/?page_id=272"},"modified":"2026-03-28T11:22:49","modified_gmt":"2026-03-28T10:22:49","slug":"272-2","status":"publish","type":"page","link":"https:\/\/veabrasil.org\/?page_id=272","title":{"rendered":"Spenden\/Doa\u00e7\u00f5es"},"content":{"rendered":"\n<div class=\"wp-block-columns is-layout-flex wp-container-core-columns-is-layout-8f761849 wp-block-columns-is-layout-flex\">\n<div class=\"wp-block-column is-layout-flow wp-block-column-is-layout-flow\">\n<h2 class=\"wp-block-heading has-text-color has-link-color wp-elements-9a9e0c258b06f601de153736be1208a2\" style=\"color:#2e6f8e\">M\u00f6chten Sie unsere Arbeit unterst\u00fctzen?<\/h2>\n\n\n\n<p class=\"wp-block-paragraph\">Aber eine Mitgliedschaft ist f\u00fcr Sie nicht die richtige Option? Helfen Sie uns mit einer Spende, die per \u00dcberweisung an unsere unten stehende Bankverbindung m\u00f6glich ist. F\u00fcr jede Spende erhalten Sie von uns eine Spendenquittung f\u00fcr das Finanzamt. Herzlichen Dank, dass Sie sich f\u00fcr die Arbeit von VEA interessieren und unsere Projekte unterst\u00fctzen und f\u00f6rdern m\u00f6chten! Wir freuen uns \u00fcber jede Spende.<\/p>\n\n\n\n<p class=\"wp-block-paragraph\"><strong>Bankverbindung<\/strong><\/p>\n\n\n\n<p class=\"wp-block-paragraph\"><\/p>\n\n\n\n<p class=\"wp-block-paragraph\">Deutsch-Brasilianischer Verein Rhein-Neckar Entre Aguas e. V.<\/p>\n\n\n\n<p class=\"wp-block-paragraph\">Bank: Sparkasse Heidelberg<br>IBAN: DE80 6725 0020 0009 3089 20<br>BIC: SOLADES1HDB<\/p>\n<\/div>\n\n\n\n<div class=\"wp-block-column is-layout-flow wp-block-column-is-layout-flow\">\n<h2 class=\"wp-block-heading has-text-color has-link-color wp-elements-4de181153b232504922ea630af6eed96\" style=\"color:#2e6f8e\">Gostaria de apoiar nosso trabalho?<\/h2>\n\n\n\n<p class=\"wp-block-paragraph\">Por\u00e9m, tornar-se um associado n\u00e3o \u00e9 a forma certa para voc\u00ea? Ajude-nos com uma doa\u00e7\u00e3o, que \u00e9 poss\u00edvel atrav\u00e9s de\u00a0transfer\u00eancia banc\u00e1ria para nossa conta (dados banc\u00e1rios abaixo). Para cada doa\u00e7\u00e3o, voc\u00ea receber\u00e1 um recibo para sua declara\u00e7\u00e3o de imposto de renda. Agradecemos imensamente pelo seu interesse em nosso trabalho e por querer apoiar e promover os nossos projetos! Ficamos muito felizes com toda e qualquer doa\u00e7\u00e3o.<\/p>\n\n\n\n<p class=\"wp-block-paragraph\"><\/p>\n\n\n\n<p class=\"wp-block-paragraph\"><strong>Dados banc\u00e1rios<\/strong><\/p>\n\n\n\n<p class=\"wp-block-paragraph\"><\/p>\n\n\n\n<p class=\"wp-block-paragraph\">Deutsch-Brasilianischer Verein Rhein-Neckar Entre Aguas e. V.<\/p>\n\n\n\n<p class=\"wp-block-paragraph\">Banco: Sparkasse Heidelberg<br>IBAN: DE80 6725 0020 0009 3089 20<br>BIC: SOLADES1HDB<\/p>\n<\/div>\n<\/div>\n\n\n\n<p class=\"wp-block-paragraph\"><\/p>\n","protected":false},"excerpt":{"rendered":"<p>M\u00f6chten Sie unsere Arbeit unterst\u00fctzen? Aber eine Mitgliedschaft ist f\u00fcr Sie nicht die richtige Option? Helfen Sie uns mit einer Spende, die per \u00dcberweisung an unsere unten stehende Bankverbindung m\u00f6glich ist. F\u00fcr jede Spende erhalten&hellip; <a href=\"https:\/\/veabrasil.org\/?page_id=272\">Mehr<\/a><\/p>\n","protected":false},"author":1,"featured_media":0,"parent":0,"menu_order":0,"comment_status":"closed","ping_status":"closed","template":"","meta":{"_crdt_document":"","footnotes":""},"class_list":["post-272","page","type-page","status-publish","hentry"],"_links":{"self":[{"href":"https:\/\/veabrasil.org\/index.php?rest_route=\/wp\/v2\/pages\/272","targetHints":{"allow":["GET"]}}],"collection":[{"href":"https:\/\/veabrasil.org\/index.php?rest_route=\/wp\/v2\/pages"}],"about":[{"href":"https:\/\/veabrasil.org\/index.php?rest_route=\/wp\/v2\/types\/page"}],"author":[{"embeddable":true,"href":"https:\/\/veabrasil.org\/index.php?rest_route=\/wp\/v2\/users\/1"}],"replies":[{"embeddable":true,"href":"https:\/\/veabrasil.org\/index.php?rest_route=%2Fwp%2Fv2%2Fcomments&post=272"}],"version-history":[{"count":9,"href":"https:\/\/veabrasil.org\/index.php?rest_route=\/wp\/v2\/pages\/272\/revisions"}],"predecessor-version":[{"id":464,"href":"https:\/\/veabrasil.org\/index.php?rest_route=\/wp\/v2\/pages\/272\/revisions\/464"}],"wp:attachment":[{"href":"https:\/\/veabrasil.org\/index.php?rest_route=%2Fwp%2Fv2%2Fmedia&parent=272"}],"curies":[{"name":"wp","href":"https:\/\/api.w.org\/{rel}","templated":true}]}}